{"id":1237,"date":"2025-07-10T13:18:16","date_gmt":"2025-07-10T11:18:16","guid":{"rendered":"https:\/\/agenciatsc.com\/legal-notice\/"},"modified":"2025-09-11T12:15:54","modified_gmt":"2025-09-11T10:15:54","slug":"legal-notice","status":"publish","type":"page","link":"https:\/\/agenciatsc.com\/en\/legal-notice\/","title":{"rendered":"Legal notice"},"content":{"rendered":"\t\t<div data-elementor-type=\"wp-page\" data-elementor-id=\"1237\" class=\"elementor elementor-1237 elementor-844\" data-elementor-post-type=\"page\">\n\t\t\t\t\t\t<section class=\"elementor-section elementor-top-section elementor-element elementor-element-79af90b elementor-section-boxed elementor-section-height-default elementor-section-height-default\" data-id=\"79af90b\" data-element_type=\"section\">\n\t\t\t\t\t\t<div class=\"elementor-container elementor-column-gap-default\">\n\t\t\t\t\t<div class=\"elementor-column elementor-col-100 elementor-top-column elementor-element elementor-element-2ea1002d\" data-id=\"2ea1002d\" data-element_type=\"column\">\n\t\t\t<div class=\"elementor-widget-wrap elementor-element-populated\">\n\t\t\t\t\t\t<div class=\"elementor-element elementor-element-4063e7d1 elementor-widget elementor-widget-text-editor\" data-id=\"4063e7d1\" data-element_type=\"widget\" data-widget_type=\"text-editor.default\">\n\t\t\t\t<div class=\"elementor-widget-container\">\n\t\t\t\t\t\t\t\t\t<h1>Aviso Legal<\/h1>\n<p>Est\u00e1s en un espacio comprometido con los derechos de sus usuarios y por esta raz\u00f3n, tendr\u00e1s m\u00e1xima transparencia y rigor sobre todo que necesitas saber sobre esta web.<\/p>\n<p>Esta web cumple rigurosamente con la Ley Org\u00e1nica 3\/2018, de 5 de diciembre, de Protecci\u00f3n de Datos Personales y garant\u00eda de los derechos digitales (LOPDGDD). Cumple tambi\u00e9n con el Reglamento (UE) 2016\/679 del Parlamento Europeo y del Consejo de 27 de abril de 2016 relativo a la protecci\u00f3n de las personas f\u00edsicas (RGPD), as\u00ed como con la Ley 34\/2002, de 11 de julio, de Servicios de la Sociedad de la Informaci\u00f3n y Comercio Electr\u00f3nico (LSSICE o LSSI).<\/p>\n<p>Los servicios y\/o productos est\u00e1n disponibles s\u00f3lo para las personas jur\u00eddicas y las personas que tengan 16 a\u00f1os.<\/p>\n<h2>Identificador del responsable de la web<\/h2>\n<ul>\n<li><strong>Denominaci\u00f3n social:\u00a0<\/strong>TS MULTIDISCIPLINAR, S.L.<span style=\"color: var( --e-global-color-primary ); font-style: inherit; font-weight: inherit;\">\u00a0<\/span><\/li>\n<li><strong>NIF:\u00a0<\/strong>B63538946<\/li>\n<li><strong>Correo electr\u00f3nico:\u00a0<\/strong>martasegura@agenciatsc.com<\/li>\n<li><strong>Domicilio social:\u00a0<\/strong>Calle Rossello, 216 &#8211; piso 6 pta b 08008 Barcelona Espa\u00f1a<\/li>\n<li><strong>Su actividad social es:\u00a0<\/strong>Agencia de Comunicaci\u00f3n<\/li>\n<\/ul>\n\t\t\t\t\t\t\t\t<\/div>\n\t\t\t\t<\/div>\n\t\t\t\t<div class=\"elementor-element elementor-element-171bce89 elementor-widget elementor-widget-text-editor\" data-id=\"171bce89\" data-element_type=\"widget\" data-widget_type=\"text-editor.default\">\n\t\t\t\t<div class=\"elementor-widget-container\">\n\t\t\t\t\t\t\t\t\t<h2>\u00bfTe preocupan tus datos personales?<\/h2><br>Lee la <a href=\"https:\/\/agenciatsc.com\/politica-privacidad\/\">Pol\u00edtica de Privacidad<\/a>.<br><h2>Compromisos y obligaciones de los usuarios<\/h2><br>El usuario queda informado, y acepta, que el acceso a la presente web no supone, en modo alguno, el inicio de una relaci\u00f3n comercial con Agencia TSC. De esta forma, el usuario se compromete a utilizar el sitio web, sus servicios y contenidos sin contravenir la legislaci\u00f3n vigente, la buena fe y el orden p\u00fablico.<br><br>Queda prohibido el uso de la web, con fines il\u00edcitos o lesivos, o que, de cualquier forma, puedan causar perjuicio o impedir el normal funcionamiento del sitio web. Respecto de los contenidos de esta web, se proh\u00edbe:<br><ul>\r\n \t<li>Su reproducci\u00f3n, distribuci\u00f3n o modificaci\u00f3n, total o parcial, a menos que se cuente con mi autorizaci\u00f3n como leg\u00edtimo titular.<\/li>\r\n \t<li>Cualquier vulneraci\u00f3n de los derechos del prestador o de mi como leg\u00edtimo titular.<\/li>\r\n \t<li>Su utilizaci\u00f3n para fines comerciales o publicitarios.<\/li>\r\n<\/ul><br>En la utilizaci\u00f3n de la web \u00a0\u00a0el usuario se compromete a no llevar a cabo ninguna conducta que pudiera da\u00f1ar la imagen, los intereses y los derechos de Agencia TSC\u00a0o de terceros, o que pudiera da\u00f1ar, inutilizar o sobrecargar el portal , o que impidiera, de cualquier forma, la normal utilizaci\u00f3n de la web.<br><br>No obstante, el usuario debe ser consciente de que las medidas de seguridad de los sistemas inform\u00e1ticos en Internet no son enteramente fiables y que, por tanto, \u00a0no puede garantizar la inexistencia de malware u otros elementos que puedan producir alteraciones en los sistemas inform\u00e1ticos (software y hardware) del usuario o en sus documentos electr\u00f3nicos y ficheros contenidos en los mismos, aunque pongo todos los medios necesarios y las medidas de seguridad oportunas para evitar la presencia de estos elementos da\u00f1inos.<br><h2>Medidas de seguridad<\/h2><br>Los datos personales comunicados por el usuario a Agencia TSC\u00a0pueden ser almacenados en bases de datos automatizadas o no, cuya titularidad corresponde en exclusiva a TS MULTIDISCIPLINAR, S.L., asumiendo \u00e9sta todas las medidas de \u00edndole t\u00e9cnica, organizativa y de seguridad que garantizan la confidencialidad, integridad y calidad de la informaci\u00f3n contenida en las mismas de acuerdo con lo establecido en la normativa vigente en protecci\u00f3n de datos.<br><br>La comunicaci\u00f3n entre los usuarios y  utiliza un canal seguro, y los datos transmitidos son cifrados gracias al protocolo https, por tanto, dispongo las mejores condiciones de seguridad para que la confidencialidad de los usuarios est\u00e9 garantizada.<br><h2>Plataforma de resoluci\u00f3n de conflictos<\/h2><br>Pongo tambi\u00e9n a disposici\u00f3n de los usuarios la plataforma de resoluci\u00f3n de litigios que facilita la Comisi\u00f3n Europea y que se encuentra disponible en el siguiente enlace: <a href=\"http:\/\/ec.europa.eu\/consumers\/odr\/\">http:\/\/ec.europa.eu\/consumers\/odr\/<\/a><br><br><span style=\"color: var( --e-global-color-18b2dc1 ); font-size: 28px;\">Enlaces externos<\/span><br><br>Las p\u00e1ginas de la web  proporcionan enlaces a otros sitios web propios y contenidos que son propiedad de terceros tales como:<br><ul>\r\n \t<li>Google<\/li>\r\n \t<li>El Pa\u00eds<\/li>\r\n \t<li>El Mundo<\/li>\r\n \t<li>Wikipedia<\/li>\r\n<\/ul><br>El \u00fanico objeto de los enlaces es proporcionar al usuario la posibilidad de acceder a dichos enlaces.<br><br><span style=\"color: var( --e-global-color-primary );\">Agencia TSC<\/span>\u00a0no se responsabiliza en ning\u00fan caso de los resultados que puedan derivarse al usuario por acceso a dichos enlaces.<br><br>Asimismo, el usuario encontrar\u00e1 dentro de este sitio, p\u00e1ginas, promociones, programas de afiliados que acceden a los h\u00e1bitos de navegaci\u00f3n de los usuarios para establecer perfiles. Esta informaci\u00f3n siempre es an\u00f3nima y no se identifica al usuario.<br><br>La informaci\u00f3n que se proporcione en estos sitios patrocinados o enlaces de afiliados <strong>est\u00e1 sujeta a las pol\u00edticas de privacidad que se utilicen en dichos sitios<\/strong> y no estar\u00e1 sujeta a nuestra Pol\u00edtica de Privacidad. Por lo que recomiendo ampliamente a los usuarios revisar detalladamente las pol\u00edticas de privacidad de los enlaces de afiliados.<br><h2>Exclusi\u00f3n de garant\u00edas y responsable<\/h2><br><span style=\"color: var( --e-global-color-primary );\">Agencia TSC<\/span>\u00a0no otorga ninguna garant\u00eda ni se hace responsable, en ning\u00fan caso, de los da\u00f1os y perjuicios de cualquier naturaleza que pudieran traer causa de:<br><ul>\r\n \t<li>La falta de disponibilidad, mantenimiento y efectivo funcionamiento de la web, o de sus servicios y contenidos.<\/li>\r\n \t<li>La existencia de malware, programas maliciosos o lesivos en los contenidos.<\/li>\r\n \t<li>El uso il\u00edcito, negligente, fraudulento o contrario a este Aviso Legal.<\/li>\r\n \t<li>La falta de licitud, calidad, fiabilidad, utilidad y disponibilidad de los servicios prestados por terceros y puestos a disposici\u00f3n de los usuarios en el sitio web.<\/li>\r\n \t<li>El prestador no se hace responsable bajo ning\u00fan concepto de los da\u00f1os que pudieran dimanar del uso ilegal o indebido de la presente p\u00e1gina web.<\/li>\r\n<\/ul><br><h2>Ley aplicable y jurisdicci\u00f3n<\/h2><br>Con car\u00e1cter general las relaciones entre Agencia TSC\u00a0y los usuarios de sus servicios telem\u00e1ticos presentes en esta web, se encuentran sometidas a la legislaci\u00f3n y jurisdicci\u00f3n espa\u00f1olas y a los tribunales de Barcelona.<br><br>En caso de que cualquier usuario tuviese alguna duda acerca de las condiciones de este Aviso Legal o cualquier comentario sobre el portal , por favor dir\u00edjase a martasegura@agenciatsc.com.<br><br>El Aviso Legal ha sido actualizado por \u00faltima vez el [current_date].\t\t\t\t\t\t\t\t<\/div>\n\t\t\t\t<\/div>\n\t\t\t\t\t<\/div>\n\t\t<\/div>\n\t\t\t\t\t<\/div>\n\t\t<\/section>\n\t\t\t\t<\/div>\n\t\t","protected":false},"excerpt":{"rendered":"<p>Aviso Legal Est\u00e1s en un espacio comprometido con los derechos de sus usuarios y por esta raz\u00f3n, tendr\u00e1s m\u00e1xima transparencia y rigor sobre todo que necesitas saber sobre esta web. Esta web cumple rigurosamente con la Ley Org\u00e1nica 3\/2018, de 5 de diciembre, de Protecci\u00f3n de Datos Personales y garant\u00eda de los derechos digitales (LOPDGDD). [&hellip;]<\/p>\n","protected":false},"author":2,"featured_media":0,"parent":0,"menu_order":0,"comment_status":"closed","ping_status":"closed","template":"elementor_header_footer","meta":{"footnotes":""},"class_list":["post-1237","page","type-page","status-publish","hentry"],"yoast_head":"<!-- This site is optimized with the Yoast SEO plugin v26.8 - https:\/\/yoast.com\/product\/yoast-seo-wordpress\/ -->\n<title>Legal notice - Agencia TSC<\/title>\n<meta name=\"robots\" content=\"noindex, follow\" \/>\n<meta property=\"og:locale\" content=\"en_US\" \/>\n<meta property=\"og:type\" content=\"article\" \/>\n<meta property=\"og:title\" content=\"Legal notice - Agencia TSC\" \/>\n<meta property=\"og:description\" content=\"Aviso Legal Est\u00e1s en un espacio comprometido con los derechos de sus usuarios y por esta raz\u00f3n, tendr\u00e1s m\u00e1xima transparencia y rigor sobre todo que necesitas saber sobre esta web. Esta web cumple rigurosamente con la Ley Org\u00e1nica 3\/2018, de 5 de diciembre, de Protecci\u00f3n de Datos Personales y garant\u00eda de los derechos digitales (LOPDGDD). [&hellip;]\" \/>\n<meta property=\"og:url\" content=\"https:\/\/agenciatsc.com\/en\/legal-notice\/\" \/>\n<meta property=\"og:site_name\" content=\"Agencia TSC\" \/>\n<meta property=\"article:modified_time\" content=\"2025-09-11T10:15:54+00:00\" \/>\n<meta name=\"twitter:card\" content=\"summary_large_image\" \/>\n<meta name=\"twitter:label1\" content=\"Est. reading time\" \/>\n\t<meta name=\"twitter:data1\" content=\"6 minutes\" \/>\n<script type=\"application\/ld+json\" class=\"yoast-schema-graph\">{\"@context\":\"https:\/\/schema.org\",\"@graph\":[{\"@type\":\"WebPage\",\"@id\":\"https:\/\/agenciatsc.com\/en\/legal-notice\/\",\"url\":\"https:\/\/agenciatsc.com\/en\/legal-notice\/\",\"name\":\"Legal notice - Agencia TSC\",\"isPartOf\":{\"@id\":\"https:\/\/agenciatsc.com\/en\/#website\"},\"datePublished\":\"2025-07-10T11:18:16+00:00\",\"dateModified\":\"2025-09-11T10:15:54+00:00\",\"breadcrumb\":{\"@id\":\"https:\/\/agenciatsc.com\/en\/legal-notice\/#breadcrumb\"},\"inLanguage\":\"en-US\",\"potentialAction\":[{\"@type\":\"ReadAction\",\"target\":[\"https:\/\/agenciatsc.com\/en\/legal-notice\/\"]}]},{\"@type\":\"BreadcrumbList\",\"@id\":\"https:\/\/agenciatsc.com\/en\/legal-notice\/#breadcrumb\",\"itemListElement\":[{\"@type\":\"ListItem\",\"position\":1,\"name\":\"Portada\",\"item\":\"https:\/\/agenciatsc.com\/en\/\"},{\"@type\":\"ListItem\",\"position\":2,\"name\":\"Legal notice\"}]},{\"@type\":\"WebSite\",\"@id\":\"https:\/\/agenciatsc.com\/en\/#website\",\"url\":\"https:\/\/agenciatsc.com\/en\/\",\"name\":\"Agencia TSC\",\"description\":\"\",\"publisher\":{\"@id\":\"https:\/\/agenciatsc.com\/en\/#organization\"},\"potentialAction\":[{\"@type\":\"SearchAction\",\"target\":{\"@type\":\"EntryPoint\",\"urlTemplate\":\"https:\/\/agenciatsc.com\/en\/?s={search_term_string}\"},\"query-input\":{\"@type\":\"PropertyValueSpecification\",\"valueRequired\":true,\"valueName\":\"search_term_string\"}}],\"inLanguage\":\"en-US\"},{\"@type\":\"Organization\",\"@id\":\"https:\/\/agenciatsc.com\/en\/#organization\",\"name\":\"Agencia TSC\",\"url\":\"https:\/\/agenciatsc.com\/en\/\",\"logo\":{\"@type\":\"ImageObject\",\"inLanguage\":\"en-US\",\"@id\":\"https:\/\/agenciatsc.com\/en\/#\/schema\/logo\/image\/\",\"url\":\"https:\/\/agenciatsc.com\/wp-content\/uploads\/2025\/07\/LOGO-9-1.png\",\"contentUrl\":\"https:\/\/agenciatsc.com\/wp-content\/uploads\/2025\/07\/LOGO-9-1.png\",\"width\":181,\"height\":54,\"caption\":\"Agencia TSC\"},\"image\":{\"@id\":\"https:\/\/agenciatsc.com\/en\/#\/schema\/logo\/image\/\"}}]}<\/script>\n<!-- \/ Yoast SEO plugin. -->","yoast_head_json":{"title":"Legal notice - Agencia TSC","robots":{"index":"noindex","follow":"follow"},"og_locale":"en_US","og_type":"article","og_title":"Legal notice - Agencia TSC","og_description":"Aviso Legal Est\u00e1s en un espacio comprometido con los derechos de sus usuarios y por esta raz\u00f3n, tendr\u00e1s m\u00e1xima transparencia y rigor sobre todo que necesitas saber sobre esta web. Esta web cumple rigurosamente con la Ley Org\u00e1nica 3\/2018, de 5 de diciembre, de Protecci\u00f3n de Datos Personales y garant\u00eda de los derechos digitales (LOPDGDD). [&hellip;]","og_url":"https:\/\/agenciatsc.com\/en\/legal-notice\/","og_site_name":"Agencia TSC","article_modified_time":"2025-09-11T10:15:54+00:00","twitter_card":"summary_large_image","twitter_misc":{"Est. reading time":"6 minutes"},"schema":{"@context":"https:\/\/schema.org","@graph":[{"@type":"WebPage","@id":"https:\/\/agenciatsc.com\/en\/legal-notice\/","url":"https:\/\/agenciatsc.com\/en\/legal-notice\/","name":"Legal notice - Agencia TSC","isPartOf":{"@id":"https:\/\/agenciatsc.com\/en\/#website"},"datePublished":"2025-07-10T11:18:16+00:00","dateModified":"2025-09-11T10:15:54+00:00","breadcrumb":{"@id":"https:\/\/agenciatsc.com\/en\/legal-notice\/#breadcrumb"},"inLanguage":"en-US","potentialAction":[{"@type":"ReadAction","target":["https:\/\/agenciatsc.com\/en\/legal-notice\/"]}]},{"@type":"BreadcrumbList","@id":"https:\/\/agenciatsc.com\/en\/legal-notice\/#breadcrumb","itemListElement":[{"@type":"ListItem","position":1,"name":"Portada","item":"https:\/\/agenciatsc.com\/en\/"},{"@type":"ListItem","position":2,"name":"Legal notice"}]},{"@type":"WebSite","@id":"https:\/\/agenciatsc.com\/en\/#website","url":"https:\/\/agenciatsc.com\/en\/","name":"Agencia TSC","description":"","publisher":{"@id":"https:\/\/agenciatsc.com\/en\/#organization"},"potentialAction":[{"@type":"SearchAction","target":{"@type":"EntryPoint","urlTemplate":"https:\/\/agenciatsc.com\/en\/?s={search_term_string}"},"query-input":{"@type":"PropertyValueSpecification","valueRequired":true,"valueName":"search_term_string"}}],"inLanguage":"en-US"},{"@type":"Organization","@id":"https:\/\/agenciatsc.com\/en\/#organization","name":"Agencia TSC","url":"https:\/\/agenciatsc.com\/en\/","logo":{"@type":"ImageObject","inLanguage":"en-US","@id":"https:\/\/agenciatsc.com\/en\/#\/schema\/logo\/image\/","url":"https:\/\/agenciatsc.com\/wp-content\/uploads\/2025\/07\/LOGO-9-1.png","contentUrl":"https:\/\/agenciatsc.com\/wp-content\/uploads\/2025\/07\/LOGO-9-1.png","width":181,"height":54,"caption":"Agencia TSC"},"image":{"@id":"https:\/\/agenciatsc.com\/en\/#\/schema\/logo\/image\/"}}]}},"_links":{"self":[{"href":"https:\/\/agenciatsc.com\/en\/wp-json\/wp\/v2\/pages\/1237","targetHints":{"allow":["GET"]}}],"collection":[{"href":"https:\/\/agenciatsc.com\/en\/wp-json\/wp\/v2\/pages"}],"about":[{"href":"https:\/\/agenciatsc.com\/en\/wp-json\/wp\/v2\/types\/page"}],"author":[{"embeddable":true,"href":"https:\/\/agenciatsc.com\/en\/wp-json\/wp\/v2\/users\/2"}],"replies":[{"embeddable":true,"href":"https:\/\/agenciatsc.com\/en\/wp-json\/wp\/v2\/comments?post=1237"}],"version-history":[{"count":1,"href":"https:\/\/agenciatsc.com\/en\/wp-json\/wp\/v2\/pages\/1237\/revisions"}],"predecessor-version":[{"id":1238,"href":"https:\/\/agenciatsc.com\/en\/wp-json\/wp\/v2\/pages\/1237\/revisions\/1238"}],"wp:attachment":[{"href":"https:\/\/agenciatsc.com\/en\/wp-json\/wp\/v2\/media?parent=1237"}],"curies":[{"name":"wp","href":"https:\/\/api.w.org\/{rel}","templated":true}]}}